{"id":1275,"date":"2022-06-20T10:45:26","date_gmt":"2022-06-20T15:45:26","guid":{"rendered":"http:\/\/panamsaves.three.zysites.com\/about-us\/"},"modified":"2023-09-05T17:00:53","modified_gmt":"2023-09-05T22:00:53","slug":"about-us","status":"publish","type":"page","link":"https:\/\/www.panamsaves.com\/es\/about-us\/","title":{"rendered":"Acerca de nosotros"},"content":{"rendered":"<p><img loading=\"lazy\" decoding=\"async\" class=\"alignright size-full wp-image-790\" src=\"\/wp-content\/uploads\/sites\/70\/2023\/09\/larry.jpg\" alt=\"Larry profile photo\" width=\"160\" height=\"160\" \/><\/p>\n<h2>\u00a1Somos Leales a Nuestros Clientes!<\/h2>\n<p>Si alguna vez ha buscado un seguro, probablemente sepa lo confuso que puede resultar. No sabes si est\u00e1s comprando la cobertura adecuada o si un agente de seguros desconfiado se est\u00e1 aprovechando de ti. Nada de eso te suceder\u00e1 cuando vengas a <strong>Agencia Panamericana de Seguros<\/strong>.<\/p>\n<p>Somos una empresa familiar operada localmente y lo hemos sido desde que Lorenzo Medina fund\u00f3 la agencia en 1988. Vio que los locales necesitaban una compa\u00f1\u00eda de seguros que se preocupara por sus mejores intereses. Se propuso afrontar el desaf\u00edo.<\/p>\n<p>Para nosotros, nuestros clientes deben ser lo primero. S\u00f3lo as\u00ed conseguiremos resultados satisfactorios. Queremos asegurarnos de que obtenga la cobertura de seguro adecuada para usted. Independientemente de sus necesidades y presupuesto, podemos ayudarle a obtener una cobertura adaptada a sus necesidades. Nuestras d\u00e9cadas de experiencia en seguros colocan a nuestros agentes en una posici\u00f3n \u00fanica para ayudarlo si con gusto necesita ayuda con su p\u00f3liza.<\/p>\n<h3>Amplia gama de opciones de pol\u00edticas<\/h3>\n<p>Contamos con m\u00e1s de 20 socios de seguros en todo Texas y Nuevo M\u00e9xico. Entonces, cuando acuda a nosotros en busca de cobertura, analizaremos cada uno de ellos para determinar cu\u00e1l ofrece la mejor p\u00f3liza y precios compatibles para usted. Incluso si tiene necesidades de p\u00f3liza excepcionales, como requisitos SR-22 o seguro de viaje a M\u00e9xico, estamos aqu\u00ed para ayudarlo a obtener esa protecci\u00f3n.<\/p>\n<h3>Las primas m\u00e1s bajas<\/h3>\n<p>Entendemos que, a veces, los factores de riesgo pueden hacer subir los precios de las p\u00f3lizas. Sin embargo, estamos aqu\u00ed para minimizar su efecto para que usted siempre pague los precios m\u00e1s asequibles por su cobertura. Y, si busca descuentos en p\u00f3lizas, ofrecemos algunos de los mejores del sector.<\/p>\n<h3>Trabajando para usted<\/h3>\n<p>Tenemos algunos objetivos:<\/p>\n<ul>\n<li>Comun\u00edcate claramente<\/li>\n<li>Mejorar constantemente para satisfacer las expectativas del cliente<\/li>\n<li>Crear una atm\u00f3sfera de confianza mutua<\/li>\n<li>Ofrecer la protecci\u00f3n financiera m\u00e1s beneficiosa<\/li>\n<\/ul>\n<p>Creemos que al trabajar para usted con integridad, podemos ganarnos su confianza, conservarla y ayudarlo a mantener la mejor cobertura de seguro para las cosas importantes de su vida.<\/p>\n<h3>Perm\u00edtanos ser su agencia preferida<\/h3>\n<p>El \u201cequipo de protecci\u00f3n galardonado n\u00famero uno de El Paso\u201d est\u00e1 listo para ayudarlo. Entonces, ll\u00e1manos al (915) 562-0009 y <a href=\"\/es\/get-a-quote\/\">obt\u00e9n una cotizaci\u00f3n<\/a> sobre la p\u00f3liza de tu elecci\u00f3n hoy.<\/p>\n","protected":false},"excerpt":{"rendered":"<p>\u00a1Somos Leales a Nuestros Clientes! Si alguna vez ha buscado un seguro, probablemente sepa lo confuso que puede resultar. No sabes si est\u00e1s comprando la cobertura adecuada o si un agente de seguros desconfiado se est\u00e1 aprovechando de ti. Nada de eso te suceder\u00e1 cuando vengas a Agencia Panamericana de Seguros. Somos una empresa familiar [&hellip;]<\/p>\n","protected":false},"author":35,"featured_media":0,"parent":0,"menu_order":0,"comment_status":"closed","ping_status":"closed","template":"","meta":{"_acf_changed":false,"_seopress_robots_primary_cat":null,"_seopress_titles_title":"","_seopress_titles_desc":"","_seopress_robots_index":"","_analytify_skip_tracking":false,"footnotes":""},"class_list":["post-1275","page","type-page","status-publish","hentry"],"acf":[],"_links":{"self":[{"href":"https:\/\/www.panamsaves.com\/es\/wp-json\/wp\/v2\/pages\/1275","targetHints":{"allow":["GET"]}}],"collection":[{"href":"https:\/\/www.panamsaves.com\/es\/wp-json\/wp\/v2\/pages"}],"about":[{"href":"https:\/\/www.panamsaves.com\/es\/wp-json\/wp\/v2\/types\/page"}],"author":[{"embeddable":true,"href":"https:\/\/www.panamsaves.com\/es\/wp-json\/wp\/v2\/users\/35"}],"replies":[{"embeddable":true,"href":"https:\/\/www.panamsaves.com\/es\/wp-json\/wp\/v2\/comments?post=1275"}],"version-history":[{"count":0,"href":"https:\/\/www.panamsaves.com\/es\/wp-json\/wp\/v2\/pages\/1275\/revisions"}],"wp:attachment":[{"href":"https:\/\/www.panamsaves.com\/es\/wp-json\/wp\/v2\/media?parent=1275"}],"curies":[{"name":"wp","href":"https:\/\/api.w.org\/{rel}","templated":true}]}}